{"id":56,"date":"2018-11-10T15:43:31","date_gmt":"2018-11-10T15:43:31","guid":{"rendered":"https:\/\/iyasu.nl\/rolfing\/?page_id=56"},"modified":"2022-11-02T15:17:04","modified_gmt":"2022-11-02T14:17:04","slug":"hoe-werkt-het","status":"publish","type":"page","link":"https:\/\/iyasu.nl\/rolfing\/hoe-werkt-het\/","title":{"rendered":"Hoe werkt het?"},"content":{"rendered":"<h1>Hoe werkt het?<\/h1>\n<h4><img loading=\"lazy\" decoding=\"async\" class=\"wp-image-237 size-medium alignright\" src=\"https:\/\/iyasu.nl\/rolfing\/wp-content\/uploads\/2018\/12\/how_does_it_work_rolfing_web-300x263.jpg\" alt=\"\" width=\"300\" height=\"263\" srcset=\"https:\/\/iyasu.nl\/rolfing\/wp-content\/uploads\/2018\/12\/how_does_it_work_rolfing_web-300x263.jpg 300w, https:\/\/iyasu.nl\/rolfing\/wp-content\/uploads\/2018\/12\/how_does_it_work_rolfing_web-768x672.jpg 768w, https:\/\/iyasu.nl\/rolfing\/wp-content\/uploads\/2018\/12\/how_does_it_work_rolfing_web-1024x896.jpg 1024w, https:\/\/iyasu.nl\/rolfing\/wp-content\/uploads\/2018\/12\/how_does_it_work_rolfing_web.jpg 2000w\" sizes=\"auto, (max-width: 300px) 100vw, 300px\" \/><\/h4>\n<p>Rolfers\u2122 werken op een holistische wijze. Met de handen reorganiseren ze het fasciale systeem van het gehele lichaam. Door patronen los te maken die vast zitten in het faciale systeem, krijgt het lichaam meer flexibiliteit en bewegingsvrijheid terug. Het lichaam is in staat om beter in balans te zijn met de zwaartekracht. De bewegingseducatie tijdens de Rolfing\u00ae sessies helpt mensen vaak om meer bewust te zijn van hun lichaam en om hun lichaamshouding te verbeteren, zodat klachten worden verminderd.<\/p>\n<p>Tijdens een Rolfing sessie werken behandelaar en cli\u00ebnt samen als een \u201cleerteam\u201d. In plaats van alleen een serie vakkundige technieken op een voornamelijk passieve cli\u00ebnt uit te voeren, geloven Rolfers dat er winst te behalen valt door de cli\u00ebnt actief te betrekken bij het proces. Dit wordt bijvoorbeeld gedaan door de cli\u00ebnt kleine&nbsp; bewegingen te laten uitvoeren tijdens de behandeling.<\/p>\n<h3>Een serie van 10 sessies<\/h3>\n<p>Alhoewel \u00e9\u00e9n Rolfing sessie zeker doeltreffend is, is het doel van Rolfing Structurele Integratie om het functioneren van het gehele lichaam te verbeteren. Traditioneel werken wij met de \u201c10 sessies serie\u201d ontwikkeld gedurende een jaren lang proces door Dr. Ida P. Rolf om het lichaam op een uitgebreide holistische wijze te behandelen. Elk van de 10 Rolfing sessies heeft een verschillend thema en gebied waar we aan werken, rekening houdend met de individuele behoefte van elke cli\u00ebnt. We beginnen met het openen van de meer oppervlakkige lagen van het lichaam in de eerste drie sessies en introduceren de basis concepten van Rolfing Structurele Integratie. In sessies 4 tot en met 7 behandelen we de \u201ckern\u201d van het lichaam, we werken in op diepere lagen om langdurige veranderingen te bewerkstelligen. Sessies 8 tot en met 10 zijn zelfs nog meer gepersonaliseerd, het doel van deze sessies is om al het werk te integreren in een goed functionerend geheel.<\/p>\n<p>De 10 Rolfing sessies serie is een proces. Cli\u00ebnten worden daarom geadviseerd, afhankelijk van de behoefte, om een tot vier weken tijd te laten tussen de sessies om het lichaam de tijd te geven om de veranderingen te integreren.<\/p>\n<h2>Wat kunt u verwachten van een Rolfing\u00ae sessie?<\/h2>\n<h4><img loading=\"lazy\" decoding=\"async\" class=\"size-medium wp-image-283 alignright\" src=\"https:\/\/iyasu.nl\/rolfing\/wp-content\/uploads\/2018\/12\/rolfing_haarlem_hilversum_4-300x200.jpg\" alt=\"\" width=\"300\" height=\"200\" srcset=\"https:\/\/iyasu.nl\/rolfing\/wp-content\/uploads\/2018\/12\/rolfing_haarlem_hilversum_4-300x200.jpg 300w, https:\/\/iyasu.nl\/rolfing\/wp-content\/uploads\/2018\/12\/rolfing_haarlem_hilversum_4-768x512.jpg 768w, https:\/\/iyasu.nl\/rolfing\/wp-content\/uploads\/2018\/12\/rolfing_haarlem_hilversum_4-1024x682.jpg 1024w, https:\/\/iyasu.nl\/rolfing\/wp-content\/uploads\/2018\/12\/rolfing_haarlem_hilversum_4.jpg 2000w\" sizes=\"auto, (max-width: 300px) 100vw, 300px\" \/><\/h4>\n<p>Elke Rolfing\u00ae sessie duurt een tot anderhalf uur. Meestal beginnen we met een korte analyse van hoe de cli\u00ebnt staat, loopt en zit. Dit doen we om te zien hoe de structuur van het lichaam is en hoe het lichaam functioneert.<\/p>\n<p>We werken hoofdzakelijk op een massagetafel waar u ontspannen op kunt liggen terwijl de Rolfer\u2122 met zijn handen op het lichaam inwerkt door nauwkeurig met gevoel druk uit te oefenen op specifieke gebieden van het lichaam. Rolfers werken met een breed spectrum aan aanrakingen, deze vari\u00ebren van voorzichtig tot diep en intens. We werken ook vaak staand en zittend om de cli\u00ebnt te helpen met de behaalde resultaten te integreren met de zwaartekracht. Tijdens de Rolfing sessie is de cli\u00ebnt vaak gekleed in ondergoed en de Rolfer vraagt geregeld aan de cli\u00ebnt om actief aan de sessie deel te nemen door te bewegen. Na een sessie geven de meeste mense aan een gevoel te hebben van diepe ontspanning, betere stabiliteit, meer bewegingsvrijheid en een gevoel van revitalisatie en zich meer bewust zijn.<\/p>\n<h4><img loading=\"lazy\" decoding=\"async\" class=\"wp-image-280 size-medium alignnone\" style=\"float: center; margin-right: 5px; margin-bottom: 5px;\" src=\"https:\/\/iyasu.nl\/rolfing\/wp-content\/uploads\/2018\/12\/rolfing_haarlem_hilversum_1-300x200.jpg\" alt=\"\" width=\"300\" height=\"200\" srcset=\"https:\/\/iyasu.nl\/rolfing\/wp-content\/uploads\/2018\/12\/rolfing_haarlem_hilversum_1-300x200.jpg 300w, https:\/\/iyasu.nl\/rolfing\/wp-content\/uploads\/2018\/12\/rolfing_haarlem_hilversum_1-768x512.jpg 768w, https:\/\/iyasu.nl\/rolfing\/wp-content\/uploads\/2018\/12\/rolfing_haarlem_hilversum_1-1024x682.jpg 1024w, https:\/\/iyasu.nl\/rolfing\/wp-content\/uploads\/2018\/12\/rolfing_haarlem_hilversum_1.jpg 2000w\" sizes=\"auto, (max-width: 300px) 100vw, 300px\" \/> <img loading=\"lazy\" decoding=\"async\" class=\"size-medium wp-image-282 alignnone\" style=\"float: center; margin-right: 5px; margin-bottom: 5px;\" src=\"https:\/\/iyasu.nl\/rolfing\/wp-content\/uploads\/2018\/12\/rolfing_haarlem_hilversum_3-300x200.jpg\" alt=\"\" width=\"300\" height=\"200\" srcset=\"https:\/\/iyasu.nl\/rolfing\/wp-content\/uploads\/2018\/12\/rolfing_haarlem_hilversum_3-300x200.jpg 300w, https:\/\/iyasu.nl\/rolfing\/wp-content\/uploads\/2018\/12\/rolfing_haarlem_hilversum_3-768x512.jpg 768w, https:\/\/iyasu.nl\/rolfing\/wp-content\/uploads\/2018\/12\/rolfing_haarlem_hilversum_3-1024x682.jpg 1024w, https:\/\/iyasu.nl\/rolfing\/wp-content\/uploads\/2018\/12\/rolfing_haarlem_hilversum_3.jpg 2000w\" sizes=\"auto, (max-width: 300px) 100vw, 300px\" \/> <img loading=\"lazy\" decoding=\"async\" class=\"size-medium wp-image-282 alignnone\" style=\"float: center; margin-right: 5px; margin-bottom: 5px;\" src=\"https:\/\/iyasu.nl\/rolfing\/wp-content\/uploads\/2018\/12\/rolfing_haarlem_hilversum_2-300x200.jpg\" alt=\"\" width=\"300\" height=\"200\"><\/h4>\n<h1>Praktische informatie<\/h1>\n<p>Prijs per sessie: \u20ac 80<\/p>\n<p><strong>Locaties:<\/strong><\/p>\n<p><strong>Haarlem Centrum<\/strong><br \/>\nFysio van Ham<br \/>\nPrinsen Bolwerk 5<br \/>\n2011 MA Haarlem<\/p>\n<p><strong>Laren<\/strong><br \/>\nFysio Van Straten<br \/>\nHeideveldweg 12<br \/>\n1251 XN Laren<br \/>\n(navigatie adres: Caliskamp 5)<\/p>\n<p style=\"text-align: center;\"><a class=\"btn btn-lg btn-filled\" href=\"https:\/\/iyasu.nl\/rolfing\/voor-wie\/\">Voor wie?<\/a> <a class=\"btn btn-lg btn-filled\" href=\"https:\/\/iyasu.nl\/rolfing\/reserveren\">Reserveer een sessie<\/a><\/p>\n","protected":false},"excerpt":{"rendered":"<p>Hoe werkt het? Rolfers\u2122 werken op een holistische wijze. Met de handen reorganiseren ze het fasciale systeem van het gehele &hellip; <a href=\"https:\/\/iyasu.nl\/rolfing\/hoe-werkt-het\/\" class=\"more-link\">Lees verder <span class=\"screen-reader-text\">Hoe werkt het?<\/span><\/a><\/p>\n","protected":false},"author":3,"featured_media":0,"parent":0,"menu_order":0,"comment_status":"closed","ping_status":"closed","template":"page-templates\/full-width.php","meta":{"footnotes":""},"class_list":["post-56","page","type-page","status-publish","hentry"],"yoast_head":"<!-- This site is optimized with the Yoast SEO plugin v27.5 - https:\/\/yoast.com\/product\/yoast-seo-wordpress\/ -->\n<title>Hoe werkt het? | Rolfing\u00ae Haarlem en Laren<\/title>\n<meta name=\"description\" content=\"Hoe werkt Rolfing? Lees meer over de werking van Rolfing op deze pagina of reserveer een sessie in Haarlem of Laren.\" \/>\n<meta name=\"robots\" content=\"index, follow, max-snippet:-1, max-image-preview:large, max-video-preview:-1\" \/>\n<link rel=\"canonical\" href=\"https:\/\/iyasu.nl\/rolfing\/hoe-werkt-het\/\" \/>\n<meta property=\"og:locale\" content=\"nl_NL\" \/>\n<meta property=\"og:type\" content=\"article\" \/>\n<meta property=\"og:title\" content=\"Hoe werkt het? | Rolfing\u00ae Haarlem en Laren\" \/>\n<meta property=\"og:description\" content=\"Hoe werkt Rolfing? Lees meer over de werking van Rolfing op deze pagina of reserveer een sessie in Haarlem of Laren.\" \/>\n<meta property=\"og:url\" content=\"https:\/\/iyasu.nl\/rolfing\/hoe-werkt-het\/\" \/>\n<meta property=\"og:site_name\" content=\"Rolfing\u00ae Haarlem en Laren\" \/>\n<meta property=\"article:publisher\" content=\"https:\/\/www.facebook.com\/iyasu.nl\/\" \/>\n<meta property=\"article:modified_time\" content=\"2022-11-02T14:17:04+00:00\" \/>\n<meta property=\"og:image\" content=\"https:\/\/iyasu.nl\/rolfing\/wp-content\/uploads\/2018\/12\/how_does_it_work_rolfing_web-300x263.jpg\" \/>\n<meta name=\"twitter:card\" content=\"summary_large_image\" \/>\n<meta name=\"twitter:site\" content=\"@StavridisKostas\" \/>\n<meta name=\"twitter:label1\" content=\"Geschatte leestijd\" \/>\n\t<meta name=\"twitter:data1\" content=\"4 minuten\" \/>\n<script type=\"application\/ld+json\" class=\"yoast-schema-graph\">{\"@context\":\"https:\\\/\\\/schema.org\",\"@graph\":[{\"@type\":\"WebPage\",\"@id\":\"https:\\\/\\\/iyasu.nl\\\/rolfing\\\/hoe-werkt-het\\\/\",\"url\":\"https:\\\/\\\/iyasu.nl\\\/rolfing\\\/hoe-werkt-het\\\/\",\"name\":\"Hoe werkt het? | Rolfing\u00ae Haarlem en Laren\",\"isPartOf\":{\"@id\":\"https:\\\/\\\/iyasu.nl\\\/rolfing\\\/#website\"},\"primaryImageOfPage\":{\"@id\":\"https:\\\/\\\/iyasu.nl\\\/rolfing\\\/hoe-werkt-het\\\/#primaryimage\"},\"image\":{\"@id\":\"https:\\\/\\\/iyasu.nl\\\/rolfing\\\/hoe-werkt-het\\\/#primaryimage\"},\"thumbnailUrl\":\"https:\\\/\\\/iyasu.nl\\\/rolfing\\\/wp-content\\\/uploads\\\/2018\\\/12\\\/how_does_it_work_rolfing_web-300x263.jpg\",\"datePublished\":\"2018-11-10T15:43:31+00:00\",\"dateModified\":\"2022-11-02T14:17:04+00:00\",\"description\":\"Hoe werkt Rolfing? Lees meer over de werking van Rolfing op deze pagina of reserveer een sessie in Haarlem of Laren.\",\"breadcrumb\":{\"@id\":\"https:\\\/\\\/iyasu.nl\\\/rolfing\\\/hoe-werkt-het\\\/#breadcrumb\"},\"inLanguage\":\"nl-NL\",\"potentialAction\":[{\"@type\":\"ReadAction\",\"target\":[\"https:\\\/\\\/iyasu.nl\\\/rolfing\\\/hoe-werkt-het\\\/\"]}]},{\"@type\":\"ImageObject\",\"inLanguage\":\"nl-NL\",\"@id\":\"https:\\\/\\\/iyasu.nl\\\/rolfing\\\/hoe-werkt-het\\\/#primaryimage\",\"url\":\"https:\\\/\\\/iyasu.nl\\\/rolfing\\\/wp-content\\\/uploads\\\/2018\\\/12\\\/how_does_it_work_rolfing_web.jpg\",\"contentUrl\":\"https:\\\/\\\/iyasu.nl\\\/rolfing\\\/wp-content\\\/uploads\\\/2018\\\/12\\\/how_does_it_work_rolfing_web.jpg\",\"width\":2000,\"height\":1750},{\"@type\":\"BreadcrumbList\",\"@id\":\"https:\\\/\\\/iyasu.nl\\\/rolfing\\\/hoe-werkt-het\\\/#breadcrumb\",\"itemListElement\":[{\"@type\":\"ListItem\",\"position\":1,\"name\":\"Home\",\"item\":\"https:\\\/\\\/iyasu.nl\\\/rolfing\\\/\"},{\"@type\":\"ListItem\",\"position\":2,\"name\":\"Hoe werkt het?\"}]},{\"@type\":\"WebSite\",\"@id\":\"https:\\\/\\\/iyasu.nl\\\/rolfing\\\/#website\",\"url\":\"https:\\\/\\\/iyasu.nl\\\/rolfing\\\/\",\"name\":\"Rolfing\u00ae Haarlem en Laren\",\"description\":\"\",\"publisher\":{\"@id\":\"https:\\\/\\\/iyasu.nl\\\/rolfing\\\/#organization\"},\"potentialAction\":[{\"@type\":\"SearchAction\",\"target\":{\"@type\":\"EntryPoint\",\"urlTemplate\":\"https:\\\/\\\/iyasu.nl\\\/rolfing\\\/?s={search_term_string}\"},\"query-input\":{\"@type\":\"PropertyValueSpecification\",\"valueRequired\":true,\"valueName\":\"search_term_string\"}}],\"inLanguage\":\"nl-NL\"},{\"@type\":\"Organization\",\"@id\":\"https:\\\/\\\/iyasu.nl\\\/rolfing\\\/#organization\",\"name\":\"Rolfing\u00ae Haarlem en Laren\",\"url\":\"https:\\\/\\\/iyasu.nl\\\/rolfing\\\/\",\"logo\":{\"@type\":\"ImageObject\",\"inLanguage\":\"nl-NL\",\"@id\":\"https:\\\/\\\/iyasu.nl\\\/rolfing\\\/#\\\/schema\\\/logo\\\/image\\\/\",\"url\":\"https:\\\/\\\/iyasu.nl\\\/rolfing\\\/wp-content\\\/uploads\\\/2018\\\/11\\\/logo.jpg\",\"contentUrl\":\"https:\\\/\\\/iyasu.nl\\\/rolfing\\\/wp-content\\\/uploads\\\/2018\\\/11\\\/logo.jpg\",\"width\":1006,\"height\":655,\"caption\":\"Rolfing\u00ae Haarlem en Laren\"},\"image\":{\"@id\":\"https:\\\/\\\/iyasu.nl\\\/rolfing\\\/#\\\/schema\\\/logo\\\/image\\\/\"},\"sameAs\":[\"https:\\\/\\\/www.facebook.com\\\/iyasu.nl\\\/\",\"https:\\\/\\\/x.com\\\/StavridisKostas\",\"https:\\\/\\\/www.instagram.com\\\/k.stavridis\\\/\",\"https:\\\/\\\/www.linkedin.com\\\/in\\\/kostas-stavridis-88644185\\\/\"]}]}<\/script>\n<!-- \/ Yoast SEO plugin. -->","yoast_head_json":{"title":"Hoe werkt het? | Rolfing\u00ae Haarlem en Laren","description":"Hoe werkt Rolfing? Lees meer over de werking van Rolfing op deze pagina of reserveer een sessie in Haarlem of Laren.","robots":{"index":"index","follow":"follow","max-snippet":"max-snippet:-1","max-image-preview":"max-image-preview:large","max-video-preview":"max-video-preview:-1"},"canonical":"https:\/\/iyasu.nl\/rolfing\/hoe-werkt-het\/","og_locale":"nl_NL","og_type":"article","og_title":"Hoe werkt het? | Rolfing\u00ae Haarlem en Laren","og_description":"Hoe werkt Rolfing? Lees meer over de werking van Rolfing op deze pagina of reserveer een sessie in Haarlem of Laren.","og_url":"https:\/\/iyasu.nl\/rolfing\/hoe-werkt-het\/","og_site_name":"Rolfing\u00ae Haarlem en Laren","article_publisher":"https:\/\/www.facebook.com\/iyasu.nl\/","article_modified_time":"2022-11-02T14:17:04+00:00","og_image":[{"url":"https:\/\/iyasu.nl\/rolfing\/wp-content\/uploads\/2018\/12\/how_does_it_work_rolfing_web-300x263.jpg","type":"","width":"","height":""}],"twitter_card":"summary_large_image","twitter_site":"@StavridisKostas","twitter_misc":{"Geschatte leestijd":"4 minuten"},"schema":{"@context":"https:\/\/schema.org","@graph":[{"@type":"WebPage","@id":"https:\/\/iyasu.nl\/rolfing\/hoe-werkt-het\/","url":"https:\/\/iyasu.nl\/rolfing\/hoe-werkt-het\/","name":"Hoe werkt het? | Rolfing\u00ae Haarlem en Laren","isPartOf":{"@id":"https:\/\/iyasu.nl\/rolfing\/#website"},"primaryImageOfPage":{"@id":"https:\/\/iyasu.nl\/rolfing\/hoe-werkt-het\/#primaryimage"},"image":{"@id":"https:\/\/iyasu.nl\/rolfing\/hoe-werkt-het\/#primaryimage"},"thumbnailUrl":"https:\/\/iyasu.nl\/rolfing\/wp-content\/uploads\/2018\/12\/how_does_it_work_rolfing_web-300x263.jpg","datePublished":"2018-11-10T15:43:31+00:00","dateModified":"2022-11-02T14:17:04+00:00","description":"Hoe werkt Rolfing? Lees meer over de werking van Rolfing op deze pagina of reserveer een sessie in Haarlem of Laren.","breadcrumb":{"@id":"https:\/\/iyasu.nl\/rolfing\/hoe-werkt-het\/#breadcrumb"},"inLanguage":"nl-NL","potentialAction":[{"@type":"ReadAction","target":["https:\/\/iyasu.nl\/rolfing\/hoe-werkt-het\/"]}]},{"@type":"ImageObject","inLanguage":"nl-NL","@id":"https:\/\/iyasu.nl\/rolfing\/hoe-werkt-het\/#primaryimage","url":"https:\/\/iyasu.nl\/rolfing\/wp-content\/uploads\/2018\/12\/how_does_it_work_rolfing_web.jpg","contentUrl":"https:\/\/iyasu.nl\/rolfing\/wp-content\/uploads\/2018\/12\/how_does_it_work_rolfing_web.jpg","width":2000,"height":1750},{"@type":"BreadcrumbList","@id":"https:\/\/iyasu.nl\/rolfing\/hoe-werkt-het\/#breadcrumb","itemListElement":[{"@type":"ListItem","position":1,"name":"Home","item":"https:\/\/iyasu.nl\/rolfing\/"},{"@type":"ListItem","position":2,"name":"Hoe werkt het?"}]},{"@type":"WebSite","@id":"https:\/\/iyasu.nl\/rolfing\/#website","url":"https:\/\/iyasu.nl\/rolfing\/","name":"Rolfing\u00ae Haarlem en Laren","description":"","publisher":{"@id":"https:\/\/iyasu.nl\/rolfing\/#organization"},"potentialAction":[{"@type":"SearchAction","target":{"@type":"EntryPoint","urlTemplate":"https:\/\/iyasu.nl\/rolfing\/?s={search_term_string}"},"query-input":{"@type":"PropertyValueSpecification","valueRequired":true,"valueName":"search_term_string"}}],"inLanguage":"nl-NL"},{"@type":"Organization","@id":"https:\/\/iyasu.nl\/rolfing\/#organization","name":"Rolfing\u00ae Haarlem en Laren","url":"https:\/\/iyasu.nl\/rolfing\/","logo":{"@type":"ImageObject","inLanguage":"nl-NL","@id":"https:\/\/iyasu.nl\/rolfing\/#\/schema\/logo\/image\/","url":"https:\/\/iyasu.nl\/rolfing\/wp-content\/uploads\/2018\/11\/logo.jpg","contentUrl":"https:\/\/iyasu.nl\/rolfing\/wp-content\/uploads\/2018\/11\/logo.jpg","width":1006,"height":655,"caption":"Rolfing\u00ae Haarlem en Laren"},"image":{"@id":"https:\/\/iyasu.nl\/rolfing\/#\/schema\/logo\/image\/"},"sameAs":["https:\/\/www.facebook.com\/iyasu.nl\/","https:\/\/x.com\/StavridisKostas","https:\/\/www.instagram.com\/k.stavridis\/","https:\/\/www.linkedin.com\/in\/kostas-stavridis-88644185\/"]}]}},"_links":{"self":[{"href":"https:\/\/iyasu.nl\/rolfing\/wp-json\/wp\/v2\/pages\/56","targetHints":{"allow":["GET"]}}],"collection":[{"href":"https:\/\/iyasu.nl\/rolfing\/wp-json\/wp\/v2\/pages"}],"about":[{"href":"https:\/\/iyasu.nl\/rolfing\/wp-json\/wp\/v2\/types\/page"}],"author":[{"embeddable":true,"href":"https:\/\/iyasu.nl\/rolfing\/wp-json\/wp\/v2\/users\/3"}],"replies":[{"embeddable":true,"href":"https:\/\/iyasu.nl\/rolfing\/wp-json\/wp\/v2\/comments?post=56"}],"version-history":[{"count":0,"href":"https:\/\/iyasu.nl\/rolfing\/wp-json\/wp\/v2\/pages\/56\/revisions"}],"wp:attachment":[{"href":"https:\/\/iyasu.nl\/rolfing\/wp-json\/wp\/v2\/media?parent=56"}],"curies":[{"name":"wp","href":"https:\/\/api.w.org\/{rel}","templated":true}]}}